{"id":1390,"date":"2022-08-15T19:14:37","date_gmt":"2022-08-15T22:14:37","guid":{"rendered":"https:\/\/kidsa.com\/curso\/?page_id=1390"},"modified":"2023-07-04T12:01:16","modified_gmt":"2023-07-04T15:01:16","slug":"english","status":"publish","type":"page","link":"https:\/\/kidsa.com\/curso\/english\/","title":{"rendered":"Kidsa English"},"content":{"rendered":"<div id='team'  class='avia-section header_color avia-section-no-padding avia-no-shadow  avia-bg-style-scroll  avia-builder-el-0  el_before_av_section  avia-builder-el-first   container_wrap sidebar_right' style='background-color: #7bb0e7; background-image: linear-gradient(to right,#154296,#007ffd); '  ><div class='av-section-color-overlay-wrap'><a href='#next-section' title='' class='scroll-down-link  av-custom-scroll-down-color' style='color: #fb4d4d;' aria-hidden='true' data-av_icon='\ue877' data-av_iconfont='entypo-fontello'><\/a><div class='container' ><main  role=\"main\" itemprop=\"mainContentOfPage\"  class='template-page content  av-content-small alpha units'><div class='post-entry post-entry-type-page post-entry-1390'><div class='entry-content-wrapper clearfix'>\n<div  style=' margin-top:10px; margin-bottom:0px;'  class='hr hr-custom hr-center hr-icon-no   avia-builder-el-1  el_before_av_one_fifth  avia-builder-el-first '><span class='hr-inner  inner-border-av-border-thin' style=' width:0px;' ><span class='hr-inner-style'><\/span><\/span><\/div>\n<div class=\"flex_column av_one_fifth  flex_column_div av-zero-column-padding first  avia-builder-el-2  el_after_av_hr  el_before_av_three_fifth  \" style='border-radius:0px; '><\/div><div class=\"flex_column av_three_fifth  flex_column_div   avia-builder-el-3  el_after_av_one_fifth  el_before_av_one_fifth  \" style='background: #af0101; padding:3%; background-color:#af0101; border-radius:15px; '><section class=\"av_textblock_section \"  itemscope=\"itemscope\" itemtype=\"https:\/\/schema.org\/CreativeWork\" ><div class='avia_textblock  av_inherit_color '  style='color:#ffffff; '  itemprop=\"text\" ><h2 style=\"text-align: center;\">GARANTA B\u00d4NUS: SUPER IMERS\u00c3O COM ATIVIDADES DI\u00c1RIAS AO VIVO<\/h2>\n<\/div><\/section><\/div><div class=\"flex_column av_one_fifth  flex_column_div av-zero-column-padding   avia-builder-el-5  el_after_av_three_fifth  el_before_av_hr  \" style='border-radius:0px; '><\/div><div  style=' margin-top:5px; margin-bottom:0px;'  class='hr hr-custom hr-center hr-icon-no   avia-builder-el-6  el_after_av_one_fifth  el_before_av_two_fifth '><span class='hr-inner  inner-border-av-border-thin' style=' width:0px;' ><span class='hr-inner-style'><\/span><\/span><\/div>\n<div class='flex_column_table av-equal-height-column-flextable -flextable' ><div class=\"flex_column av_two_fifth  av-animated-generic pop-up  flex_column_table_cell av-equal-height-column av-align-middle av-zero-column-padding first  avia-builder-el-7  el_after_av_hr  el_before_av_three_fifth  \" style='background: #ffffff; border-width:2px; border-color:#af191c; border-style:solid; background-color:#ffffff; border-radius:15px; ' id=\"quero\" ><p><div  style=' margin-top:5px; margin-bottom:0px;'  class='hr hr-custom hr-center hr-icon-no  av-desktop-hide av-medium-hide  avia-builder-el-8  el_before_av_textblock  avia-builder-el-first '><span class='hr-inner  inner-border-av-border-thin' style=' width:0px;' ><span class='hr-inner-style'><\/span><\/span><\/div><br \/>\n<section class=\"av_textblock_section \"  itemscope=\"itemscope\" itemtype=\"https:\/\/schema.org\/CreativeWork\" ><div class='avia_textblock  '  style='font-size:23px; '  itemprop=\"text\" ><div class='_form_105'><\/div><script type='text\/javascript' src='https:\/\/kidsaads.activehosted.com\/f\/embed.php?static=0&id=105&69EF86255D534&nostyles=0&preview=0'><\/script>\n<\/div><\/section><\/p><\/div><div class='av-flex-placeholder'><\/div><div class=\"flex_column av_three_fifth  av-animated-generic pop-up  flex_column_table_cell av-equal-height-column av-align-middle av-zero-column-padding   avia-builder-el-10  el_after_av_two_fifth  avia-builder-el-last  \" style='border-radius:15px; ' id=\"cadastro\" ><div  class='avia-image-container  av-styling-    avia-builder-el-11  avia-builder-el-no-sibling  avia-align-center '  itemprop=\"image\" itemscope=\"itemscope\" itemtype=\"https:\/\/schema.org\/ImageObject\"  ><div class='avia-image-container-inner'><div class='avia-image-overlay-wrap'><img decoding=\"async\" class='wp-image-1741 avia-img-lazy-loading-not-1741 avia_image' src=\"https:\/\/kidsa.com\/curso\/wp-content\/uploads\/2022\/12\/kidsa-bg-crianca-2.png\" alt='' title='kidsa-bg-crianca' height=\"584\" width=\"574\"  itemprop=\"thumbnailUrl\" srcset=\"https:\/\/kidsa.com\/curso\/wp-content\/uploads\/2022\/12\/kidsa-bg-crianca-2.png 574w, https:\/\/kidsa.com\/curso\/wp-content\/uploads\/2022\/12\/kidsa-bg-crianca-2-295x300.png 295w, https:\/\/kidsa.com\/curso\/wp-content\/uploads\/2022\/12\/kidsa-bg-crianca-2-80x80.png 80w, https:\/\/kidsa.com\/curso\/wp-content\/uploads\/2022\/12\/kidsa-bg-crianca-2-36x36.png 36w\" sizes=\"(max-width: 574px) 100vw, 574px\" \/><\/div><\/div><\/div><\/div><\/div><!--close column table wrapper. Autoclose: 1 -->\n\n<\/div><\/div><\/main><!-- close content main element --><\/div><\/div><\/div><div id='av_section_2'  class='avia-section main_color avia-section-default avia-no-border-styling  avia-bg-style-scroll  avia-builder-el-12  el_after_av_section  el_before_av_section   container_wrap sidebar_right' style=' '  ><div class='container' ><div class='template-page content  av-content-small alpha units'><div class='post-entry post-entry-type-page post-entry-1390'><div class='entry-content-wrapper clearfix'>\n<div  style='padding-bottom:10px; color:#af191c;font-size:46px;' class='av-special-heading av-special-heading-h3 custom-color-heading blockquote modern-quote modern-centered  avia-builder-el-13  el_before_av_hr  avia-builder-el-first  av-inherit-size  av-small-hide av-mini-hide'><h3 class='av-special-heading-tag '  itemprop=\"headline\"  >CONHE\u00c7A TAMB\u00c9M TODAS AS VANTAGENS QUE S\u00d3 O KIDSA OFERECE:<\/h3><div class='special-heading-border'><div class='special-heading-inner-border' style='border-color:#af191c'><\/div><\/div><\/div>\n<div  style=' margin-top:30px; margin-bottom:30px;'  class='hr hr-custom hr-center hr-icon-yes   avia-builder-el-14  el_after_av_heading  el_before_av_one_third '><span class='hr-inner  inner-border-av-border-thin' style=' width:50px; border-color:#007ffd; max-width:45%;' ><span class='hr-inner-style'><\/span><\/span><span class='av-seperator-icon' style='color:#007ffd;' aria-hidden='true' data-av_icon='\ue808' data-av_iconfont='entypo-fontello'><\/span><span class='hr-inner  inner-border-av-border-thin' style=' width:50px; border-color:#007ffd; max-width:45%;' ><span class='hr-inner-style'><\/span><\/span><\/div>\n<div class=\"flex_column av_one_third  flex_column_div first  avia-builder-el-15  el_after_av_hr  el_before_av_one_third  \" style='background:linear-gradient(#af0000,#af3f3f); padding:15px; background-color:#af5b5b; border-radius:15px; '><section class=\"av_textblock_section \"  itemscope=\"itemscope\" itemtype=\"https:\/\/schema.org\/CreativeWork\" ><div class='avia_textblock  av_inherit_color '  style='color:#ffffff; '  itemprop=\"text\" ><p style=\"text-align: center;\"><strong><img loading=\"lazy\" decoding=\"async\" class=\"aligncenter size-full wp-image-1758\" src=\"https:\/\/kidsa.com\/curso\/wp-content\/uploads\/2022\/12\/check-1.png\" alt=\"\" width=\"83\" height=\"75\" \/><\/strong><\/p>\n<h3 style=\"text-align: center;\">2 AULAS ONLINE AO VIVO POR SEMANA<\/h3>\n<p style=\"text-align: center;\">Turmas reduzidas;<br \/>\nMetodologia exclusiva;<br \/>\nOs professores mais divertidos<\/p>\n<\/div><\/section><\/div><div class=\"flex_column av_one_third  flex_column_div   avia-builder-el-17  el_after_av_one_third  el_before_av_one_third  \" style='background:linear-gradient(#007ffd,#44a0fc); padding:15px; background-color:#af3d3d; border-radius:15px; '><section class=\"av_textblock_section \"  itemscope=\"itemscope\" itemtype=\"https:\/\/schema.org\/CreativeWork\" ><div class='avia_textblock  av_inherit_color '  style='color:#ffffff; '  itemprop=\"text\" ><p style=\"text-align: center;\"><b><strong><img loading=\"lazy\" decoding=\"async\" class=\"aligncenter size-full wp-image-1758\" src=\"https:\/\/kidsa.com\/curso\/wp-content\/uploads\/2022\/12\/check-1.png\" alt=\"\" width=\"83\" height=\"75\" \/><\/strong><\/b><\/p>\n<h3 style=\"text-align: center;\">KIDSA APP!<\/h3>\n<p style=\"text-align: center;\"><b>O melhor aplicativo de ingl\u00eas para crian\u00e7as!<br \/>\nMilhares de conte\u00fados: jogos, livros, dicion\u00e1rio em v\u00eddeos, v\u00eddeos divertidos e muito mais.<br \/>\n<\/b><\/p>\n<\/div><\/section><\/div><div class=\"flex_column av_one_third  flex_column_div   avia-builder-el-19  el_after_av_one_third  el_before_av_hr  \" style='background:linear-gradient(#af0000,#af3f3f); padding:15px; background-color:#af5b5b; border-radius:15px; '><section class=\"av_textblock_section \"  itemscope=\"itemscope\" itemtype=\"https:\/\/schema.org\/CreativeWork\" ><div class='avia_textblock  av_inherit_color '  style='color:#ffffff; '  itemprop=\"text\" ><p style=\"text-align: center;\"><strong><img loading=\"lazy\" decoding=\"async\" class=\"aligncenter size-full wp-image-1758\" src=\"https:\/\/kidsa.com\/curso\/wp-content\/uploads\/2022\/12\/check-1.png\" alt=\"\" width=\"83\" height=\"75\" \/><\/strong><\/p>\n<h3 style=\"text-align: center;\">KIDSA PLAY<\/h3>\n<p style=\"text-align: center;\">A maior plataforma de v\u00eddeos para ensinar ingl\u00eas para crian\u00e7as de maneira divertida.<br \/>\nS\u00e9ries, clipes, desenhos animados, conta\u00e7\u00e3o de hist\u00f3rias e muito mais.<\/p>\n<\/div><\/section><\/div><div  style=' margin-top:0px; margin-bottom:20px;'  class='hr hr-custom hr-center hr-icon-no   avia-builder-el-21  el_after_av_one_third  el_before_av_button '><span class='hr-inner  inner-border-av-border-thin' style=' width:0px; border-color:#007ffd;' ><span class='hr-inner-style'><\/span><\/span><\/div>\n<div  class='avia-button-wrap avia-button-center  avia-builder-el-22  el_after_av_hr  avia-builder-el-last ' ><a href='https:\/\/kidsa.com\/curso\/english\/#quero'  class='avia-button  avia-color-red   avia-icon_select-yes-left-icon avia-size-x-large avia-position-center '   ><span class='avia_button_icon avia_button_icon_left ' aria-hidden='true' data-av_icon='\ue812' data-av_iconfont='entypo-fontello'><\/span><span class='avia_iconbox_title' >EU QUERO!<\/span><\/a><\/div>\n\n<\/div><\/div><\/div><!-- close content main div --><\/div><\/div><div id='av_section_3'  class='avia-section main_color avia-section-default avia-no-border-styling  avia-bg-style-scroll  avia-builder-el-23  el_after_av_section  el_before_av_section   container_wrap sidebar_right' style='background-color: #af3f3f;  '  ><div class='container' ><div class='template-page content  av-content-small alpha units'><div class='post-entry post-entry-type-page post-entry-1390'><div class='entry-content-wrapper clearfix'>\n<div  style='padding-bottom:10px; color:#ffffff;font-size:46px;' class='av-special-heading av-special-heading-h3 custom-color-heading blockquote modern-quote modern-centered  avia-builder-el-24  el_before_av_hr  avia-builder-el-first  av-inherit-size '><h3 class='av-special-heading-tag '  itemprop=\"headline\"  >SUPER B\u00d4NUS: ATIVIDADES AO VIVO DIVERTIDAS PARA PRATICAR INGL\u00caS<\/h3><div class ='av-subheading av-subheading_below av_custom_color ' style='font-size:15px;'><p>Yoga | Artes | M\u00fasica | Jogos | Gincanas | Hist\u00f3rias | Teatro<\/p>\n<\/div><div class='special-heading-border'><div class='special-heading-inner-border' style='border-color:#ffffff'><\/div><\/div><\/div>\n<div  style=' margin-top:30px; margin-bottom:30px;'  class='hr hr-custom hr-center hr-icon-yes   avia-builder-el-25  el_after_av_heading  el_before_av_one_third '><span class='hr-inner  inner-border-av-border-thin' style=' width:50px; border-color:#ffffff; max-width:45%;' ><span class='hr-inner-style'><\/span><\/span><span class='av-seperator-icon' style='color:#ffffff;' aria-hidden='true' data-av_icon='\ue808' data-av_iconfont='entypo-fontello'><\/span><span class='hr-inner  inner-border-av-border-thin' style=' width:50px; border-color:#ffffff; max-width:45%;' ><span class='hr-inner-style'><\/span><\/span><\/div>\n<div class=\"flex_column av_one_third  flex_column_div av-zero-column-padding first  avia-builder-el-26  el_after_av_hr  el_before_av_one_third  \" style='border-radius:0px; '><div  class='avia-image-container  av-styling-    avia-builder-el-27  avia-builder-el-no-sibling  avia-align-center '  itemprop=\"image\" itemscope=\"itemscope\" itemtype=\"https:\/\/schema.org\/ImageObject\"  ><div class='avia-image-container-inner'><div class='avia-image-overlay-wrap'><img decoding=\"async\" class='wp-image-2236 avia-img-lazy-loading-not-2236 avia_image' src=\"https:\/\/kidsa.com\/curso\/wp-content\/uploads\/2023\/05\/artes.png\" alt='' title='artes' height=\"625\" width=\"667\"  itemprop=\"thumbnailUrl\" srcset=\"https:\/\/kidsa.com\/curso\/wp-content\/uploads\/2023\/05\/artes.png 667w, https:\/\/kidsa.com\/curso\/wp-content\/uploads\/2023\/05\/artes-300x281.png 300w\" sizes=\"(max-width: 667px) 100vw, 667px\" \/><\/div><\/div><\/div><\/div><div class=\"flex_column av_one_third  flex_column_div av-zero-column-padding   avia-builder-el-28  el_after_av_one_third  el_before_av_one_third  \" style='border-radius:0px; '><div  class='avia-image-container  av-styling-    avia-builder-el-29  avia-builder-el-no-sibling  avia-align-center '  itemprop=\"image\" itemscope=\"itemscope\" itemtype=\"https:\/\/schema.org\/ImageObject\"  ><div class='avia-image-container-inner'><div class='avia-image-overlay-wrap'><img decoding=\"async\" class='wp-image-2237 avia-img-lazy-loading-not-2237 avia_image' src=\"https:\/\/kidsa.com\/curso\/wp-content\/uploads\/2023\/05\/musica.png\" alt='' title='musica' height=\"625\" width=\"667\"  itemprop=\"thumbnailUrl\" srcset=\"https:\/\/kidsa.com\/curso\/wp-content\/uploads\/2023\/05\/musica.png 667w, https:\/\/kidsa.com\/curso\/wp-content\/uploads\/2023\/05\/musica-300x281.png 300w\" sizes=\"(max-width: 667px) 100vw, 667px\" \/><\/div><\/div><\/div><\/div><div class=\"flex_column av_one_third  flex_column_div av-zero-column-padding   avia-builder-el-30  el_after_av_one_third  el_before_av_button  \" style='border-radius:0px; '><div  class='avia-image-container  av-styling-    avia-builder-el-31  avia-builder-el-no-sibling  avia-align-center '  itemprop=\"image\" itemscope=\"itemscope\" itemtype=\"https:\/\/schema.org\/ImageObject\"  ><div class='avia-image-container-inner'><div class='avia-image-overlay-wrap'><img decoding=\"async\" class='wp-image-2238 avia-img-lazy-loading-not-2238 avia_image' src=\"https:\/\/kidsa.com\/curso\/wp-content\/uploads\/2023\/05\/yoga.png\" alt='' title='yoga' height=\"625\" width=\"667\"  itemprop=\"thumbnailUrl\" srcset=\"https:\/\/kidsa.com\/curso\/wp-content\/uploads\/2023\/05\/yoga.png 667w, https:\/\/kidsa.com\/curso\/wp-content\/uploads\/2023\/05\/yoga-300x281.png 300w\" sizes=\"(max-width: 667px) 100vw, 667px\" \/><\/div><\/div><\/div><\/div><div  class='avia-button-wrap avia-button-center  avia-builder-el-32  el_after_av_one_third  avia-builder-el-last ' ><a href='https:\/\/kidsa.com\/curso\/english\/#quero'  class='avia-button  avia-color-red   avia-icon_select-yes-left-icon avia-size-x-large avia-position-center '   ><span class='avia_button_icon avia_button_icon_left ' aria-hidden='true' data-av_icon='\ue812' data-av_iconfont='entypo-fontello'><\/span><span class='avia_iconbox_title' >EU QUERO!<\/span><\/a><\/div>\n<\/div><\/div><\/div><!-- close content main div --><\/div><\/div><div id='av_section_4'  class='avia-section main_color avia-section-default avia-no-border-styling  avia-bg-style-scroll  avia-builder-el-33  el_after_av_section  el_before_av_section   container_wrap sidebar_right' style='background-color: #ff1112; background-image: linear-gradient(#b02b2c,#f43a3a); '  ><div class='container' ><div class='template-page content  av-content-small alpha units'><div class='post-entry post-entry-type-page post-entry-1390'><div class='entry-content-wrapper clearfix'>\n<div  style='padding-bottom:10px; color:#ffffff;font-size:36px;' class='av-special-heading av-special-heading-h3 custom-color-heading blockquote modern-quote modern-centered  avia-builder-el-34  el_before_av_hr  avia-builder-el-first  av-inherit-size  av-small-hide av-mini-hide'><h3 class='av-special-heading-tag '  itemprop=\"headline\"  >Como o Kidsa Funciona<\/h3><div class='special-heading-border'><div class='special-heading-inner-border' style='border-color:#ffffff'><\/div><\/div><\/div>\n<div  style=' margin-top:30px; margin-bottom:30px;'  class='hr hr-custom hr-center hr-icon-yes   avia-builder-el-35  el_after_av_heading  el_before_av_textblock '><span class='hr-inner  inner-border-av-border-thin' style=' width:50px; border-color:#ffffff; max-width:45%;' ><span class='hr-inner-style'><\/span><\/span><span class='av-seperator-icon' style='color:#ffffff;' aria-hidden='true' data-av_icon='\ue808' data-av_iconfont='entypo-fontello'><\/span><span class='hr-inner  inner-border-av-border-thin' style=' width:50px; border-color:#ffffff; max-width:45%;' ><span class='hr-inner-style'><\/span><\/span><\/div>\n<section class=\"av_textblock_section \"  itemscope=\"itemscope\" itemtype=\"https:\/\/schema.org\/CreativeWork\" ><div class='avia_textblock  av_inherit_color '  style='font-size:37px; color:#1f1e46; '  itemprop=\"text\" ><p style=\"text-align: center;\"><iframe loading=\"lazy\" title=\"YouTube video player\" src=\"https:\/\/www.youtube.com\/embed\/R3xXZWqcQ98\" width=\"560\" height=\"315\" frameborder=\"0\" allowfullscreen=\"allowfullscreen\"><\/iframe><\/p>\n<\/div><\/section>\n<div  style='padding-bottom:10px; color:#ffffff;font-size:36px;' class='av-special-heading av-special-heading-h3 custom-color-heading blockquote modern-quote modern-centered  avia-builder-el-37  el_after_av_textblock  el_before_av_one_half  av-inherit-size  av-small-hide av-mini-hide'><h3 class='av-special-heading-tag '  itemprop=\"headline\"  >N\u00f3s estamos no mundo inteiro<\/h3><div class='special-heading-border'><div class='special-heading-inner-border' style='border-color:#ffffff'><\/div><\/div><\/div>\n<div class=\"flex_column av_one_half  flex_column_div av-zero-column-padding first  avia-builder-el-38  el_after_av_heading  el_before_av_one_half  \" style='border-radius:0px; '><div  class=\"avia-animated-number av-force-default-color  avia-color-font-custom  avia-builder-el-39  avia-builder-el-no-sibling  avia_animate_when_visible\" style='color:#ffffff;' data-timer=\"3000\"><strong class=\"heading avia-animated-number-title\" style='font-size:96px;'><span class=\"avia-single-number __av-single-number\" data-number_format=\"\" data-number=\"10\" data-start_from=\"0\">10<\/span><\/strong><div class='avia-animated-number-content' ><p>MIL ALUNOS EM TODO BRASIL<\/p>\n<\/div><\/div><\/div><div class=\"flex_column av_one_half  flex_column_div av-zero-column-padding   avia-builder-el-40  el_after_av_one_half  avia-builder-el-last  \" style='border-radius:0px; '><div  class=\"avia-animated-number av-force-default-color  avia-color-font-custom  avia-builder-el-41  avia-builder-el-no-sibling  avia_animate_when_visible\" style='color:#ffffff;' data-timer=\"3000\"><strong class=\"heading avia-animated-number-title\" style='font-size:96px;'><span class=\"avia-single-number __av-single-number\" data-number_format=\"\" data-number=\"8\" data-start_from=\"0\">8<\/span><\/strong><div class='avia-animated-number-content' ><p>PA\u00cdSES<\/p>\n<\/div><\/div><\/div>\n<\/p>\n<\/div><\/div><\/div><!-- close content main div --><\/div><\/div><div id='av_section_5'  class='avia-section main_color avia-section-default avia-no-border-styling  avia-bg-style-scroll  avia-builder-el-42  el_after_av_section  el_before_av_section   container_wrap sidebar_right' style='background-color: #154296;background-image: linear-gradient(#154296,#188abf); '  ><div class='container' ><div class='template-page content  av-content-small alpha units'><div class='post-entry post-entry-type-page post-entry-1390'><div class='entry-content-wrapper clearfix'>\n<div class='flex_column_table av-equal-height-column-flextable -flextable' ><div class=\"flex_column av_one_half  av-animated-generic pop-up  flex_column_table_cell av-equal-height-column av-align-middle first  avia-builder-el-43  el_before_av_two_fifth  avia-builder-el-first  \" style='padding:3%; border-radius:15px; ' id=\"cadastro\" ><div  class='avia-image-container  av-styling-    avia-builder-el-44  avia-builder-el-no-sibling  avia-align-center '  itemprop=\"image\" itemscope=\"itemscope\" itemtype=\"https:\/\/schema.org\/ImageObject\"  ><div class='avia-image-container-inner'><div class='avia-image-overlay-wrap'><img decoding=\"async\" class='wp-image-1790 avia-img-lazy-loading-not-1790 avia_image' src=\"https:\/\/kidsa.com\/curso\/wp-content\/uploads\/2022\/12\/kidsa-05-1.png\" alt='' title='kidsa-05' height=\"567\" width=\"586\"  itemprop=\"thumbnailUrl\" srcset=\"https:\/\/kidsa.com\/curso\/wp-content\/uploads\/2022\/12\/kidsa-05-1.png 586w, https:\/\/kidsa.com\/curso\/wp-content\/uploads\/2022\/12\/kidsa-05-1-300x290.png 300w, https:\/\/kidsa.com\/curso\/wp-content\/uploads\/2022\/12\/kidsa-05-1-36x36.png 36w\" sizes=\"(max-width: 586px) 100vw, 586px\" \/><\/div><\/div><\/div><\/div><div class='av-flex-placeholder'><\/div><div class=\"flex_column av_two_fifth  av-animated-generic pop-up  flex_column_table_cell av-equal-height-column av-align-middle   avia-builder-el-45  el_after_av_one_half  avia-builder-el-last  \" style='background: #ffffff; border-width:2px; border-color:#af191c; border-style:solid; padding:1%; background-color:#ffffff; border-radius:15px; ' id=\"quero\" ><section class=\"av_textblock_section \"  itemscope=\"itemscope\" itemtype=\"https:\/\/schema.org\/CreativeWork\" ><div class='avia_textblock  av_inherit_color '  style='font-size:37px; color:#af191c; '  itemprop=\"text\" ><p style=\"text-align: center; font-size: 25px; line-height: 30px;\"><strong>GARANTIR OFERTA<\/strong><\/p>\n<\/div><\/section><br \/>\n<section class=\"av_textblock_section \"  itemscope=\"itemscope\" itemtype=\"https:\/\/schema.org\/CreativeWork\" ><div class='avia_textblock  '  style='font-size:23px; '  itemprop=\"text\" ><div class='_form_105'><\/div><script type='text\/javascript' src='https:\/\/kidsaads.activehosted.com\/f\/embed.php?static=0&id=105&69EF86255FFC6&nostyles=0&preview=0'><\/script>\n<\/div><\/section><\/p><\/div><\/div><!--close column table wrapper. Autoclose: 1 -->\n\n<\/div><\/div><\/div><!-- close content main div --><\/div><\/div><div id='av_section_6'  class='avia-section main_color avia-section-default avia-no-border-styling  avia-bg-style-scroll  avia-builder-el-48  el_after_av_section  el_before_av_codeblock   container_wrap sidebar_right' style='background-color: #ffffff;  '  ><div class='container' ><div class='template-page content  av-content-small alpha units'><div class='post-entry post-entry-type-page post-entry-1390'><div class='entry-content-wrapper clearfix'>\n<div  style='padding-bottom:10px; color:#af191c;font-size:36px;' class='av-special-heading av-special-heading-h3 custom-color-heading blockquote modern-quote modern-centered  avia-builder-el-49  el_before_av_hr  avia-builder-el-first  av-inherit-size  av-small-hide av-mini-hide'><h3 class='av-special-heading-tag '  itemprop=\"headline\"  >Siga nosso perfil Oficial<\/h3><div class='special-heading-border'><div class='special-heading-inner-border' style='border-color:#af191c'><\/div><\/div><\/div>\n<div  style=' margin-top:30px; margin-bottom:30px;'  class='hr hr-custom hr-center hr-icon-yes   avia-builder-el-50  el_after_av_heading  el_before_av_textblock '><span class='hr-inner  inner-border-av-border-thin' style=' width:50px; border-color:#007ffd; max-width:45%;' ><span class='hr-inner-style'><\/span><\/span><span class='av-seperator-icon' style='color:#007ffd;' aria-hidden='true' data-av_icon='\ue808' data-av_iconfont='entypo-fontello'><\/span><span class='hr-inner  inner-border-av-border-thin' style=' width:50px; border-color:#007ffd; max-width:45%;' ><span class='hr-inner-style'><\/span><\/span><\/div>\n<section class=\"av_textblock_section \"  itemscope=\"itemscope\" itemtype=\"https:\/\/schema.org\/CreativeWork\" ><div class='avia_textblock  '  style='font-size:23px; '  itemprop=\"text\" ><p>[jr_instagram id=&#8221;1&#8243;]<\/p>\n<\/div><\/section>\n<\/div><\/div><\/div><!-- close content main div --><\/div><\/div><div id='after_section_6'  class='main_color av_default_container_wrap container_wrap sidebar_right' style=' '  ><div class='container' ><div class='template-page content  av-content-small alpha units'><div class='post-entry post-entry-type-page post-entry-1390'><div class='entry-content-wrapper clearfix'>\n\n","protected":false},"excerpt":{"rendered":"","protected":false},"author":1,"featured_media":0,"parent":0,"menu_order":0,"comment_status":"closed","ping_status":"closed","template":"","meta":{"_joinchat":[],"footnotes":""},"class_list":["post-1390","page","type-page","status-publish","hentry"],"jetpack_sharing_enabled":true,"_links":{"self":[{"href":"https:\/\/kidsa.com\/curso\/wp-json\/wp\/v2\/pages\/1390","targetHints":{"allow":["GET"]}}],"collection":[{"href":"https:\/\/kidsa.com\/curso\/wp-json\/wp\/v2\/pages"}],"about":[{"href":"https:\/\/kidsa.com\/curso\/wp-json\/wp\/v2\/types\/page"}],"author":[{"embeddable":true,"href":"https:\/\/kidsa.com\/curso\/wp-json\/wp\/v2\/users\/1"}],"replies":[{"embeddable":true,"href":"https:\/\/kidsa.com\/curso\/wp-json\/wp\/v2\/comments?post=1390"}],"version-history":[{"count":187,"href":"https:\/\/kidsa.com\/curso\/wp-json\/wp\/v2\/pages\/1390\/revisions"}],"predecessor-version":[{"id":2368,"href":"https:\/\/kidsa.com\/curso\/wp-json\/wp\/v2\/pages\/1390\/revisions\/2368"}],"wp:attachment":[{"href":"https:\/\/kidsa.com\/curso\/wp-json\/wp\/v2\/media?parent=1390"}],"curies":[{"name":"wp","href":"https:\/\/api.w.org\/{rel}","templated":true}]}}